{"id":214,"date":"2025-02-15T21:33:13","date_gmt":"2025-02-15T21:33:13","guid":{"rendered":"https:\/\/tio.helpsuporte.com.br\/phlox\/?page_id=214"},"modified":"2025-02-17T16:30:12","modified_gmt":"2025-02-17T16:30:12","slug":"sessoes-de-trabalho","status":"publish","type":"page","link":"https:\/\/tio.org.br\/index.php\/sessoes-de-trabalho\/","title":{"rendered":"Sess\u00f5es de Trabalho"},"content":{"rendered":"\t\t<div data-elementor-type=\"wp-page\" data-elementor-id=\"214\" class=\"elementor elementor-214\" data-elementor-settings=\"{&quot;ha_cmc_init_switcher&quot;:&quot;no&quot;,&quot;element_pack_global_tooltip_width&quot;:{&quot;unit&quot;:&quot;px&quot;,&quot;size&quot;:&quot;&quot;,&quot;sizes&quot;:[]},&quot;element_pack_global_tooltip_width_tablet&quot;:{&quot;unit&quot;:&quot;px&quot;,&quot;size&quot;:&quot;&quot;,&quot;sizes&quot;:[]},&quot;element_pack_global_tooltip_width_mobile&quot;:{&quot;unit&quot;:&quot;px&quot;,&quot;size&quot;:&quot;&quot;,&quot;sizes&quot;:[]},&quot;element_pack_global_tooltip_padding&quot;:{&quot;unit&quot;:&quot;px&quot;,&quot;top&quot;:&quot;&quot;,&quot;right&quot;:&quot;&quot;,&quot;bottom&quot;:&quot;&quot;,&quot;left&quot;:&quot;&quot;,&quot;isLinked&quot;:true},&quot;element_pack_global_tooltip_padding_tablet&quot;:{&quot;unit&quot;:&quot;px&quot;,&quot;top&quot;:&quot;&quot;,&quot;right&quot;:&quot;&quot;,&quot;bottom&quot;:&quot;&quot;,&quot;left&quot;:&quot;&quot;,&quot;isLinked&quot;:true},&quot;element_pack_global_tooltip_padding_mobile&quot;:{&quot;unit&quot;:&quot;px&quot;,&quot;top&quot;:&quot;&quot;,&quot;right&quot;:&quot;&quot;,&quot;bottom&quot;:&quot;&quot;,&quot;left&quot;:&quot;&quot;,&quot;isLinked&quot;:true},&quot;element_pack_global_tooltip_border_radius&quot;:{&quot;unit&quot;:&quot;px&quot;,&quot;top&quot;:&quot;&quot;,&quot;right&quot;:&quot;&quot;,&quot;bottom&quot;:&quot;&quot;,&quot;left&quot;:&quot;&quot;,&quot;isLinked&quot;:true},&quot;element_pack_global_tooltip_border_radius_tablet&quot;:{&quot;unit&quot;:&quot;px&quot;,&quot;top&quot;:&quot;&quot;,&quot;right&quot;:&quot;&quot;,&quot;bottom&quot;:&quot;&quot;,&quot;left&quot;:&quot;&quot;,&quot;isLinked&quot;:true},&quot;element_pack_global_tooltip_border_radius_mobile&quot;:{&quot;unit&quot;:&quot;px&quot;,&quot;top&quot;:&quot;&quot;,&quot;right&quot;:&quot;&quot;,&quot;bottom&quot;:&quot;&quot;,&quot;left&quot;:&quot;&quot;,&quot;isLinked&quot;:true}}\" data-elementor-post-type=\"page\">\n\t\t\t\t<div class=\"aux-parallax-section elementor-element elementor-element-4df4df2 e-flex e-con-boxed e-con e-parent\" data-id=\"4df4df2\" data-element_type=\"container\" data-e-type=\"container\" data-settings=\"{&quot;_ha_eqh_enable&quot;:false}\">\n\t\t\t\t\t<div class=\"e-con-inner\">\n\t\t\t\t<div class=\"elementor-element elementor-element-e0aa805 elementor--h-position-center elementor--v-position-middle elementor-arrows-position-inside elementor-pagination-position-inside elementor-widget elementor-widget-slides\" data-id=\"e0aa805\" data-element_type=\"widget\" data-e-type=\"widget\" data-settings=\"{&quot;navigation&quot;:&quot;both&quot;,&quot;autoplay&quot;:&quot;yes&quot;,&quot;pause_on_hover&quot;:&quot;yes&quot;,&quot;pause_on_interaction&quot;:&quot;yes&quot;,&quot;autoplay_speed&quot;:5000,&quot;infinite&quot;:&quot;yes&quot;,&quot;transition&quot;:&quot;slide&quot;,&quot;transition_speed&quot;:500}\" data-widget_type=\"slides.default\">\n\t\t\t\t<div class=\"elementor-widget-container\">\n\t\t\t\t\t\t\t\t\t<div class=\"elementor-swiper\">\r\n\t\t\t\t\t<div class=\"elementor-slides-wrapper elementor-main-swiper swiper\" role=\"region\" aria-roledescription=\"carousel\" aria-label=\"Slides\" dir=\"ltr\" data-animation=\"fadeInUp\">\r\n\t\t\t\t<div class=\"swiper-wrapper elementor-slides\">\r\n\t\t\t\t\t\t\t\t\t\t<div class=\"elementor-repeater-item-1db2c42 swiper-slide\" role=\"group\" aria-roledescription=\"slide\"><div class=\"swiper-slide-bg\" role=\"img\" aria-label=\"sessoes de trabalho_\"><\/div><div class=\"swiper-slide-inner\" ><div class=\"swiper-slide-contents\"><div class=\"elementor-slide-heading\">TENDA ESP\u00cdITA IRM\u00c3OS DO ORIENTE<\/div><\/div><\/div><\/div>\t\t\t\t<\/div>\r\n\t\t\t\t\t\t\t<\/div>\r\n\t\t\t\t<\/div>\r\n\t\t\t\t\t\t\t\t<\/div>\n\t\t\t\t<\/div>\n\t\t\t\t\t<\/div>\n\t\t\t\t<\/div>\n\t\t<div class=\"aux-parallax-section elementor-element elementor-element-0e1fab4 e-flex e-con-boxed e-con e-parent\" data-id=\"0e1fab4\" data-element_type=\"container\" data-e-type=\"container\" data-settings=\"{&quot;_ha_eqh_enable&quot;:false}\">\n\t\t\t\t\t<div class=\"e-con-inner\">\n\t\t<div class=\"elementor-element elementor-element-90e603e e-con-full e-flex e-con e-child\" data-id=\"90e603e\" data-element_type=\"container\" data-e-type=\"container\" data-settings=\"{&quot;_ha_eqh_enable&quot;:false}\">\n\t\t<div class=\"elementor-element elementor-element-85f7f7c e-con-full e-flex e-con e-child\" data-id=\"85f7f7c\" data-element_type=\"container\" data-e-type=\"container\" data-settings=\"{&quot;_ha_eqh_enable&quot;:false}\">\n\t\t<div class=\"elementor-element elementor-element-c4447fb e-con-full e-flex e-con e-child\" data-id=\"c4447fb\" data-element_type=\"container\" data-e-type=\"container\" data-settings=\"{&quot;_ha_eqh_enable&quot;:false}\">\n\t\t<div class=\"elementor-element elementor-element-700f949 e-con-full e-flex e-con e-child\" data-id=\"700f949\" data-element_type=\"container\" data-e-type=\"container\" data-settings=\"{&quot;_ha_eqh_enable&quot;:false}\">\n\t\t\t\t<div class=\"elementor-element elementor-element-3ba48d1 elementor-widget elementor-widget-aux_modern_heading\" data-id=\"3ba48d1\" data-element_type=\"widget\" data-e-type=\"widget\" data-widget_type=\"aux_modern_heading.default\">\n\t\t\t\t<div class=\"elementor-widget-container\">\n\t\t\t\t\t<section class=\"aux-widget-modern-heading\">\n            <div class=\"aux-widget-inner\"><h5 class=\"aux-modern-heading-primary\">\"Gl\u00f3ria a Deus nas Alturas e Paz na Terra aos Homens de Boa Vontade!\"<\/h5><\/div>\n        <\/section>\t\t\t\t<\/div>\n\t\t\t\t<\/div>\n\t\t\t\t<\/div>\n\t\t\t\t<\/div>\n\t\t\t\t<\/div>\n\t\t<div class=\"elementor-element elementor-element-6ab98ff e-con-full e-flex e-con e-child\" data-id=\"6ab98ff\" data-element_type=\"container\" data-e-type=\"container\" data-settings=\"{&quot;_ha_eqh_enable&quot;:false}\">\n\t\t<div class=\"elementor-element elementor-element-123bf7b e-con-full e-flex e-con e-child\" data-id=\"123bf7b\" data-element_type=\"container\" data-e-type=\"container\" data-settings=\"{&quot;_ha_eqh_enable&quot;:false}\">\n\t\t<div class=\"elementor-element elementor-element-d01cf86 e-con-full e-flex e-con e-child\" data-id=\"d01cf86\" data-element_type=\"container\" data-e-type=\"container\" data-settings=\"{&quot;_ha_eqh_enable&quot;:false}\">\n\t\t\t\t<div class=\"elementor-element elementor-element-e30f6c4 elementor-widget elementor-widget-aux_modern_heading\" data-id=\"e30f6c4\" data-element_type=\"widget\" data-e-type=\"widget\" data-widget_type=\"aux_modern_heading.default\">\n\t\t\t\t<div class=\"elementor-widget-container\">\n\t\t\t\t\t<section class=\"aux-widget-modern-heading\">\n            <div class=\"aux-widget-inner\"><h5 class=\"aux-modern-heading-primary\">SESS\u00d5ES SEMANAIS DE TRABALHO\n<\/h5><\/div>\n        <\/section>\t\t\t\t<\/div>\n\t\t\t\t<\/div>\n\t\t\t\t<div class=\"elementor-element elementor-element-9a41c84 elementor-widget elementor-widget-aux_modern_heading\" data-id=\"9a41c84\" data-element_type=\"widget\" data-e-type=\"widget\" data-widget_type=\"aux_modern_heading.default\">\n\t\t\t\t<div class=\"elementor-widget-container\">\n\t\t\t\t\t<section class=\"aux-widget-modern-heading\">\n            <div class=\"aux-widget-inner\"><h5 class=\"aux-modern-heading-primary\">PASSES FLUIDIFICADORES\n\n<\/h5><h3 class=\"aux-modern-heading-secondary\"><span class=\"aux-head-after\">Segundas-feiras | 20h30 \u00e0s 22h<\/span><\/h3><div class=\"aux-modern-heading-description\"><p>Segundo o Dicion\u00e1rio Houaiss da L\u00edngua Portuguesa, a palavra passe \u00e9 o \u201cato de passar as m\u00e3os repetidas vezes<\/p><p>por diante ou por cima de pessoa que se pretende magnetizar ou curar pela for\u00e7a medi\u00fanica.\u201d.<\/p><p>\u200b<\/p><p>Atrav\u00e9s do \u201caparelho\u201d dos m\u00e9diuns, ou seja, seus corpos e mentes, entidades das falanges de Ox\u00f3ssi e do Oriente realizam<\/p><p>um trabalho de cura, limpeza e alinhamento dos chakras do paciente. O trabalho tem o mesmo efeito curativo aos<\/p><p>m\u00e9diuns e trabalhadores da Casa.<\/p><p>\u200b<\/p><p>O trabalho possui efeito semanal e \u00e9 potencializado quando existe no paciente a consci\u00eancia de que trata-se de um comum acordo:<\/p><p>quanto mais quem recebe o passe se ajuda, mais a for\u00e7as curativas do trabalho encontram espa\u00e7o para atuar.<\/p><p>\u200b<\/p><p>IMPORTANTE!<\/p><p>No primeiro dia, chegue at\u00e9 \u00e0s 19h30min para a retirada do convite na Secretaria.<\/p><\/div><\/div>\n        <\/section>\t\t\t\t<\/div>\n\t\t\t\t<\/div>\n\t\t\t\t<div class=\"elementor-element elementor-element-5794653 elementor-widget elementor-widget-aux_modern_heading\" data-id=\"5794653\" data-element_type=\"widget\" data-e-type=\"widget\" data-widget_type=\"aux_modern_heading.default\">\n\t\t\t\t<div class=\"elementor-widget-container\">\n\t\t\t\t\t<section class=\"aux-widget-modern-heading\">\n            <div class=\"aux-widget-inner\"><h5 class=\"aux-modern-heading-primary\">DOUTRINA\u00c7\u00c3O DOS ESP\u00cdRITOS, FLUIDIFICA\u00c7\u00c3O DA \u00c1GUA E RECEBIMENTO DE MENSAGENS<\/h5><h3 class=\"aux-modern-heading-secondary\"><span class=\"aux-head-after\">Quintas-feiras | 20h30 \u00e0s 22h<\/span><\/h3><div class=\"aux-modern-heading-description\"><p>A sess\u00e3o conduz para a luz os esp\u00edritos j\u00e1 desencarnados, atrav\u00e9s do esclarecimento. A doutrina\u00e7\u00e3o \u00e9 feita aos esp\u00edritos obsessores,<br \/>sofredores, ignorantes e viciosos, assim como para todos aqueles que buscam respostas para uma melhor forma de viver.<br \/>Aqueles que partiram e n\u00e3o sabem, aqueles que buscam esclarecimentos, aqueles que suplicam pelo perd\u00e3o e necessitam falar<br \/>de sua culpa para poderem partir em busca de paz e luz: todos recebem auxilio na Tenda nesta sess\u00e3o.<\/p><p>\u200b<\/p><p>Nesta sess\u00e3o s\u00e3o frequentes as Comunica\u00e7\u00f5es dos Guias e Mentores Espirituais da T.I.O., transmitidas atrav\u00e9s dos m\u00e9diuns da Casa,<br \/>guiando-nos para a caridade e a pr\u00e1tica do bem.<\/p><p>\u200b<\/p><p>Kardec ensina (item 25, Cap. XV de A G\u00eanese [2]) que \u201cas mais insignificantes subst\u00e2ncias, como a \u00e1gua, por exemplo,<br \/>podem adquirir qualidades poderosas e efetivas, sob a a\u00e7\u00e3o do fluido espiritual ou magn\u00e9tico, ao qual elas servem de ve\u00edculo,<br \/>ou, se quiserem, de reservat\u00f3rio.\u201d Por isso, tamb\u00e9m acontece o trabalho de Fluidifica\u00e7\u00e3o da \u00c1gua. As pessoas que desejarem<br \/>poder\u00e3o trazer uma garrafa personalizada contendo \u00e1gua para ser fluidificada e levada para casa.<\/p><p>\u00a0<\/p><p>Lembramos que qualquer irm\u00e3o que desejar participar pela primeira vez de uma reuni\u00e3o de quinta-feira dever\u00e1 ter frequentado,<br \/>no m\u00ednimo, tr\u00eas sess\u00f5es de passes flu\u00eddicos na segunda-feira. Este \u00e9 o motivo pelo qual os convites abrangem, de forma padr\u00e3o,<br \/>tr\u00eas segundas-feiras e uma quinta-feira.<\/p><p>\u00a0<\/p><\/div><\/div>\n        <\/section>\t\t\t\t<\/div>\n\t\t\t\t<\/div>\n\t\t\t\t<\/div>\n\t\t\t\t<\/div>\n\t\t\t\t<\/div>\n\t\t\t\t<\/div>\n\t\t\t\t\t<\/div>\n\t\t\t\t<\/div>\n\t\t<div class=\"aux-parallax-section elementor-element elementor-element-71f5610 e-flex e-con-boxed e-con e-parent\" data-id=\"71f5610\" data-element_type=\"container\" data-e-type=\"container\" data-settings=\"{&quot;_ha_eqh_enable&quot;:false}\">\n\t\t\t\t\t<div class=\"e-con-inner\">\n\t\t\t\t<div class=\"elementor-element elementor-element-d232602 elementor-align-center elementor-widget elementor-widget-button\" data-id=\"d232602\" data-element_type=\"widget\" data-e-type=\"widget\" data-widget_type=\"button.default\">\n\t\t\t\t<div class=\"elementor-widget-container\">\n\t\t\t\t\t\t\t\t\t<div class=\"elementor-button-wrapper\">\n\t\t\t\t\t<a class=\"elementor-button elementor-button-link elementor-size-sm\" href=\"#\">\n\t\t\t\t\t\t<span class=\"elementor-button-content-wrapper\">\n\t\t\t\t\t\t\t\t\t<span class=\"elementor-button-text\">Clique aqui<\/span>\n\t\t\t\t\t<\/span>\n\t\t\t\t\t<\/a>\n\t\t\t\t<\/div>\n\t\t\t\t\t\t\t\t<\/div>\n\t\t\t\t<\/div>\n\t\t\t\t\t<\/div>\n\t\t\t\t<\/div>\n\t\t\t\t<\/div>\n\t\t","protected":false},"excerpt":{"rendered":"<p>TENDA ESP\u00cdITA IRM\u00c3OS DO ORIENTE &#8220;Gl\u00f3ria a Deus nas Alturas e Paz na Terra aos Homens de Boa Vontade!&#8221; SESS\u00d5ES SEMANAIS DE TRABALHO PASSES FLUIDIFICADORES Segundas-feiras | 20h30 \u00e0s 22h Segundo o Dicion\u00e1rio Houaiss da L\u00edngua Portuguesa, a palavra passe \u00e9 o \u201cato de passar as m\u00e3os repetidas vezes por diante ou por cima de [&hellip;]<\/p>\n","protected":false},"author":1,"featured_media":0,"parent":0,"menu_order":0,"comment_status":"closed","ping_status":"closed","template":"templates\/page-builder-content.php","meta":{"footnotes":""},"class_list":["post-214","page","type-page","status-publish","hentry"],"_links":{"self":[{"href":"https:\/\/tio.org.br\/index.php\/wp-json\/wp\/v2\/pages\/214","targetHints":{"allow":["GET"]}}],"collection":[{"href":"https:\/\/tio.org.br\/index.php\/wp-json\/wp\/v2\/pages"}],"about":[{"href":"https:\/\/tio.org.br\/index.php\/wp-json\/wp\/v2\/types\/page"}],"author":[{"embeddable":true,"href":"https:\/\/tio.org.br\/index.php\/wp-json\/wp\/v2\/users\/1"}],"replies":[{"embeddable":true,"href":"https:\/\/tio.org.br\/index.php\/wp-json\/wp\/v2\/comments?post=214"}],"version-history":[{"count":0,"href":"https:\/\/tio.org.br\/index.php\/wp-json\/wp\/v2\/pages\/214\/revisions"}],"wp:attachment":[{"href":"https:\/\/tio.org.br\/index.php\/wp-json\/wp\/v2\/media?parent=214"}],"curies":[{"name":"wp","href":"https:\/\/api.w.org\/{rel}","templated":true}]}}